{"id":20,"date":"2024-03-19T17:25:26","date_gmt":"2024-03-19T17:25:26","guid":{"rendered":"https:\/\/issmueller.com\/?page_id=20"},"modified":"2025-08-19T10:18:28","modified_gmt":"2025-08-19T10:18:28","slug":"contact","status":"publish","type":"page","link":"https:\/\/issmueller.com\/en\/kontakt\/","title":{"rendered":"Contact"},"content":{"rendered":"<style>.wp-block-kadence-image.kb-image20_afa6bf-88:not(.kb-specificity-added):not(.kb-extra-specificity-added){margin-top:var(--global-kb-spacing-sm, 1.5rem);}.kb-image20_afa6bf-88.kb-image-is-ratio-size, .kb-image20_afa6bf-88 .kb-image-is-ratio-size{max-width:600px;width:100%;}.wp-block-kadence-column > .kt-inside-inner-col > .kb-image20_afa6bf-88.kb-image-is-ratio-size, .wp-block-kadence-column > .kt-inside-inner-col > .kb-image20_afa6bf-88 .kb-image-is-ratio-size{align-self:unset;}.kb-image20_afa6bf-88 figure{max-width:600px;}.kb-image20_afa6bf-88 .image-is-svg, .kb-image20_afa6bf-88 .image-is-svg img{width:100%;}.kb-image20_afa6bf-88 .kb-image-has-overlay:after{opacity:0.3;}<\/style>\n<div class=\"wp-block-kadence-image kb-image20_afa6bf-88\"><figure class=\"aligncenter size-full\"><img loading=\"lazy\" decoding=\"async\" width=\"945\" height=\"945\" src=\"https:\/\/issmueller.com\/wp-content\/uploads\/2025\/07\/12-3.jpg\" alt=\"\" class=\"kb-img wp-image-954\" srcset=\"https:\/\/issmueller.com\/wp-content\/uploads\/2025\/07\/12-3.jpg 945w, https:\/\/issmueller.com\/wp-content\/uploads\/2025\/07\/12-3-300x300.jpg 300w, https:\/\/issmueller.com\/wp-content\/uploads\/2025\/07\/12-3-150x150.jpg 150w, https:\/\/issmueller.com\/wp-content\/uploads\/2025\/07\/12-3-768x768.jpg 768w, https:\/\/issmueller.com\/wp-content\/uploads\/2025\/07\/12-3-600x600.jpg 600w, https:\/\/issmueller.com\/wp-content\/uploads\/2025\/07\/12-3-100x100.jpg 100w\" sizes=\"auto, (max-width: 945px) 100vw, 945px\" \/><\/figure><\/div>\n\n\n<style>.wp-block-kadence-advancedheading.kt-adv-heading20_d999cf-0f, .wp-block-kadence-advancedheading.kt-adv-heading20_d999cf-0f[data-kb-block=\"kb-adv-heading20_d999cf-0f\"]{text-align:center;font-style:normal;}.wp-block-kadence-advancedheading.kt-adv-heading20_d999cf-0f mark.kt-highlight, .wp-block-kadence-advancedheading.kt-adv-heading20_d999cf-0f[data-kb-block=\"kb-adv-heading20_d999cf-0f\"] mark.kt-highlight{font-style:normal;color:#f76a0c;-webkit-box-decoration-break:clone;box-decoration-break:clone;padding-top:0px;padding-right:0px;padding-bottom:0px;padding-left:0px;}.wp-block-kadence-advancedheading.kt-adv-heading20_d999cf-0f img.kb-inline-image, .wp-block-kadence-advancedheading.kt-adv-heading20_d999cf-0f[data-kb-block=\"kb-adv-heading20_d999cf-0f\"] img.kb-inline-image{width:150px;vertical-align:baseline;}<\/style>\n<h2 class=\"kt-adv-heading20_d999cf-0f wp-block-kadence-advancedheading\" data-kb-block=\"kb-adv-heading20_d999cf-0f\">PorozmawiaJmY o WzoraCh.<\/h2>\n\n\n\n<p class=\"has-text-align-center\">Szukasz wyj\u0105tkowego wzoru? Masz pomys\u0142 na projekt, kt\u00f3ry potrzebuje formy? A mo\u017ce potrzebujesz indywidualny kolor t\u0142a do gotowego wzoru lub innego rozmiaru raportu?<\/p>\n\n\n\n<p class=\"has-text-align-center\">Napisz do mnie &#8211; stw\u00f3rzmy razem pi\u0119kn\u0105 opowie\u015b\u0107 dla Twojej marki.<\/p>\n\n\n<style>.wp-block-kadence-iconlist.kt-svg-icon-list-items20_a3c084-6e:not(.this-stops-third-party-issues){margin-top:0px;margin-bottom:0px;}.wp-block-kadence-iconlist.kt-svg-icon-list-items20_a3c084-6e ul.kt-svg-icon-list:not(.this-prevents-issues):not(.this-stops-third-party-issues):not(.tijsloc){margin-top:0px;margin-right:0px;margin-bottom:var(--global-kb-spacing-sm, 1.5rem);margin-left:0px;}.wp-block-kadence-iconlist.kt-svg-icon-list-items20_a3c084-6e ul.kt-svg-icon-list{grid-row-gap:5px;}.wp-block-kadence-iconlist.kt-svg-icon-list-items20_a3c084-6e .kb-svg-icon-wrap{font-size:20px;}.wp-block-kadence-iconlist.kt-svg-icon-list-items20_a3c084-6e ul.kt-svg-icon-list .kt-svg-icon-list-item-wrap .kt-svg-icon-list-single{margin-right:10px;}.kt-svg-icon-list-items20_a3c084-6e ul.kt-svg-icon-list .kt-svg-icon-list-level-0 .kt-svg-icon-list-single svg{font-size:20px;}.wp-block-kadence-iconlist.kt-svg-icon-list-items20_a3c084-6e ul.kt-svg-icon-list .wp-block-kadence-listitem a{color:var(--global-palette1, #3182CE);}.wp-block-kadence-iconlist.kt-svg-icon-list-items20_a3c084-6e ul.kt-svg-icon-list .wp-block-kadence-listitem a:hover{color:var(--global-palette2, #2B6CB0);}<\/style>\n<div class=\"wp-block-kadence-iconlist kt-svg-icon-list-items kt-svg-icon-list-items20_a3c084-6e kt-svg-icon-list-columns-1 aligncenter\"><ul class=\"kt-svg-icon-list\"><style>.kt-svg-icon-list-item-20_d08ef9-7f .kt-svg-icon-list-text mark.kt-highlight{background-color:unset;font-style:normal;color:#f76a0c;-webkit-box-decoration-break:clone;box-decoration-break:clone;padding-top:0px;padding-right:0px;padding-bottom:0px;padding-left:0px;}<\/style>\n<li class=\"wp-block-kadence-listitem kt-svg-icon-list-item-wrap kt-svg-icon-list-item-20_d08ef9-7f\"><a href=\"mailto:issmue@gmail.com\" class=\"kt-svg-icon-link\"><span class=\"kb-svg-icon-wrap kb-svg-icon-fas_envelope kt-svg-icon-list-single\"><svg viewBox=\"0 0 512 512\"  fill=\"currentColor\" xmlns=\"http:\/\/www.w3.org\/2000\/svg\"  aria-hidden=\"true\"><path d=\"M502.3 190.8c3.9-3.1 9.7-.2 9.7 4.7V400c0 26.5-21.5 48-48 48H48c-26.5 0-48-21.5-48-48V195.6c0-5 5.7-7.8 9.7-4.7 22.4 17.4 52.1 39.5 154.1 113.6 21.1 15.4 56.7 47.8 92.2 47.6 35.7.3 72-32.8 92.3-47.6 102-74.1 131.6-96.3 154-113.7zM256 320c23.2.4 56.6-29.2 73.4-41.4 132.7-96.3 142.8-104.7 173.4-128.7 5.8-4.5 9.2-11.5 9.2-18.9v-19c0-26.5-21.5-48-48-48H48C21.5 64 0 85.5 0 112v19c0 7.4 3.4 14.3 9.2 18.9 30.6 23.9 40.7 32.4 173.4 128.7 16.8 12.2 50.2 41.8 73.4 41.4z\"\/><\/svg><\/span><span class=\"kt-svg-icon-list-text\">Napisz do mnie issmue@gmail.com<\/span><\/a><\/li>\n<\/ul><\/div>\n\n\n<style>.wp-block-kadence-advancedheading.kt-adv-heading20_0d7e1b-b0, .wp-block-kadence-advancedheading.kt-adv-heading20_0d7e1b-b0[data-kb-block=\"kb-adv-heading20_0d7e1b-b0\"]{text-align:center;font-style:normal;}.wp-block-kadence-advancedheading.kt-adv-heading20_0d7e1b-b0 mark.kt-highlight, .wp-block-kadence-advancedheading.kt-adv-heading20_0d7e1b-b0[data-kb-block=\"kb-adv-heading20_0d7e1b-b0\"] mark.kt-highlight{font-style:normal;color:#f76a0c;-webkit-box-decoration-break:clone;box-decoration-break:clone;padding-top:0px;padding-right:0px;padding-bottom:0px;padding-left:0px;}.wp-block-kadence-advancedheading.kt-adv-heading20_0d7e1b-b0 img.kb-inline-image, .wp-block-kadence-advancedheading.kt-adv-heading20_0d7e1b-b0[data-kb-block=\"kb-adv-heading20_0d7e1b-b0\"] img.kb-inline-image{width:150px;vertical-align:baseline;}<\/style>\n<h1 class=\"kt-adv-heading20_0d7e1b-b0 wp-block-kadence-advancedheading\" data-kb-block=\"kb-adv-heading20_0d7e1b-b0\">KontaKt<\/h1>\n\n\n<div class='fluentform ff-default fluentform_wrapper_3  ff_guten_block ff_guten_block-3 ffs_default_wrap'><form data-form_id=\"3\" id=\"fluentform_3\" class=\"frm-fluent-form fluent_form_3 ff-el-form-top ff_form_instance_3_1 ff-form-loading ffs_default\" data-form_instance=\"ff_form_instance_3_1\" method=\"POST\" ><fieldset  style=\"border: none!important;margin: 0!important;padding: 0!important;background-color: transparent!important;box-shadow: none!important;outline: none!important; min-inline-size: 100%;\">\n                    <legend class=\"ff_screen_reader_title\" style=\"display: block; margin: 0!important;padding: 0!important;height: 0!important;text-indent: -999999px;width: 0!important;overflow:hidden;\">Formularz kontaktu<\/legend><input type='hidden' name='__fluent_form_embded_post_id' value='20' \/><input type=\"hidden\" id=\"_fluentform_3_fluentformnonce\" name=\"_fluentform_3_fluentformnonce\" value=\"e70b5a12de\" \/><input type=\"hidden\" name=\"_wp_http_referer\" value=\"\/en\/wp-json\/wp\/v2\/pages\/20\" \/><div class='ff-el-group'><div class=\"ff-el-input--label ff-el-is-required asterisk-right\"><label for='ff_3_input_text' id='label_ff_3_input_text' aria-label=\"Imi\u0119 i nazwisko\">Imi\u0119 i nazwisko<\/label><\/div><div class='ff-el-input--content'><input type=\"text\" name=\"input_text\" class=\"ff-el-form-control\" data-name=\"input_text\" id=\"ff_3_input_text\"  aria-invalid=\"false\" aria-required=true><\/div><\/div><div data-name=\"ff_cn_id_1\"  class='ff-t-container ff-column-container ff_columns_total_2 '><div class='ff-t-cell ff-t-column-1' style='flex-basis: 50%;'><div class='ff-el-group'><div class=\"ff-el-input--label asterisk-right\"><label for='ff_3_email' id='label_ff_3_email' aria-label=\"E-mail\">E-mail<\/label><\/div><div class='ff-el-input--content'><input type=\"email\" name=\"email\" id=\"ff_3_email\" class=\"ff-el-form-control\" data-name=\"email\"  aria-invalid=\"false\" aria-required=false><\/div><\/div><\/div><div class='ff-t-cell ff-t-column-2' style='flex-basis: 50%;'><div class='ff-el-group'><div class=\"ff-el-input--label asterisk-right\"><label for='ff_3_input_text_1' id='label_ff_3_input_text_1' aria-label=\"Nr telefonu\">Nr telefonu<\/label><\/div><div class='ff-el-input--content'><input type=\"text\" name=\"input_text_1\" class=\"ff-el-form-control\" data-name=\"input_text_1\" id=\"ff_3_input_text_1\"  aria-invalid=\"false\" aria-required=false><\/div><\/div><\/div><\/div><div class='ff-el-group'><div class=\"ff-el-input--label asterisk-right\"><label for='ff_3_description' id='label_ff_3_description' aria-label=\"Wiadomo\u015b\u0107\">Wiadomo\u015b\u0107<\/label><\/div><div class='ff-el-input--content'><textarea aria-required=\"false\" aria-labelledby=\"label_ff_3_description\" name=\"description\" id=\"ff_3_description\" class=\"ff-el-form-control\" rows=\"3\" cols=\"2\" data-name=\"description\" ><\/textarea><\/div><\/div><div class='ff-el-group    ff-el-input--content'><div class='ff-el-form-check ff-el-tc'><label aria-label='Terms and Conditions: Wyra\u017cam zgod\u0119 na przetwarzanie danych osobowych w celu udzielenia odpowiedzi na tre\u015b\u0107 wiadomo\u015bci przes\u0142anej za pomoc\u0105 formularza kontaktowego oraz w celu prowadzenia ewentualnej dalszej korespondencji w tym przedmiocie - czytaj wi\u0119cej Contains 1 link. Use tab navigation to review.' class='ff-el-form-check-label ff_tc_label' for=gdpr-agreement_268e5f3cbaa7eaee6f1dd1fc5e7aa492><span class='ff_tc_checkbox'><input type=\"checkbox\" name=\"gdpr-agreement\" class=\"ff-el-form-check-input ff_gdpr_field\" data-name=\"gdpr-agreement\" id=\"gdpr-agreement_268e5f3cbaa7eaee6f1dd1fc5e7aa492\"  value='on' aria-invalid='false' aria-required=true><\/span> <div class='ff_t_c'>Wyra\u017cam zgod\u0119 na przetwarzanie danych osobowych w celu udzielenia odpowiedzi na tre\u015b\u0107 wiadomo\u015bci przes\u0142anej za pomoc\u0105 formularza kontaktowego oraz w celu prowadzenia ewentualnej dalszej korespondencji w tym przedmiocie &#8211; <a href=\"https:\/\/issmueller.com\/polityka-prywatnosci\/\">czytaj wi\u0119cej<\/a><\/div><\/label><\/div><\/div><div class='ff-el-group ff-text-center ff_submit_btn_wrapper'><button type=\"submit\" class=\"ff-btn ff-btn-submit ff-btn-md ff_btn_style\"  aria-label=\"Wy\u015blij\">Wy\u015blij<\/button><\/div><\/fieldset><\/form><div id='fluentform_3_errors' class='ff-errors-in-stack ff_form_instance_3_1 ff-form-loading_errors ff_form_instance_3_1_errors'><\/div><\/div>            <script type=\"text\/javascript\">\n                window.fluent_form_ff_form_instance_3_1 = {\"id\":\"3\",\"ajaxUrl\":\"https:\\\/\\\/issmueller.com\\\/wp-admin\\\/admin-ajax.php\",\"settings\":{\"layout\":{\"labelPlacement\":\"top\",\"helpMessagePlacement\":\"with_label\",\"errorMessagePlacement\":\"inline\",\"cssClassName\":\"\",\"asteriskPlacement\":\"asterisk-right\"},\"restrictions\":{\"denyEmptySubmission\":{\"enabled\":false}}},\"form_instance\":\"ff_form_instance_3_1\",\"form_id_selector\":\"fluentform_3\",\"rules\":{\"input_text\":{\"required\":{\"value\":true,\"message\":\"This field is required\",\"global_message\":\"This field is required\",\"global\":true}},\"email\":{\"required\":{\"value\":false,\"message\":\"This field is required\",\"global_message\":\"This field is required\",\"global\":true},\"email\":{\"value\":true,\"message\":\"This field must contain a valid email\",\"global_message\":\"This field must contain a valid email\",\"global\":true}},\"input_text_1\":{\"required\":{\"value\":false,\"message\":\"This field is required\",\"global_message\":\"This field is required\",\"global\":true}},\"description\":{\"required\":{\"value\":false,\"message\":\"This field is required\",\"global_message\":\"This field is required\",\"global\":true}},\"gdpr-agreement\":{\"required\":{\"value\":true,\"message\":\"This field is required\",\"global_message\":\"This field is required\",\"global\":true}}},\"debounce_time\":300};\n                            <\/script>\n            \n\n\n<h3 class=\"wp-block-heading has-text-align-center\">foR China baSed inquirieS<\/h3>\n\n\n\n<p class=\"has-text-align-center\"> please connect with my management team:<\/p>\n\n\n\n<p class=\"has-text-align-left\"><br>\u827a\u5cf0\u56fd\u9645Ampersand Globe<br>Doris Leung<br>Top Plaza West Tower<br>Guangzhou, China<br>T: +86 13826167183<br>Wechat: ampersand18<br>doris@ampersandglobe.com<br>www.ampersandglobe.com<\/p>\n\n\n\n<p class=\"has-text-align-center\"> We are happy to provide additional information or discuss potential cooperation.<\/p>\n\n\n\n<p><\/p>\n","protected":false},"excerpt":{"rendered":"<p>PorozmawiaJmY o WzoraCh. Szukasz wyj\u0105tkowego wzoru? Masz pomys\u0142 na projekt, kt\u00f3ry potrzebuje formy? A mo\u017ce potrzebujesz indywidualny kolor t\u0142a do gotowego wzoru lub innego rozmiaru raportu? Napisz do mnie &#8211; stw\u00f3rzmy razem pi\u0119kn\u0105 opowie\u015b\u0107 dla Twojej marki. KontaKt foR China baSed inquirieS please connect with my management team: \u827a\u5cf0\u56fd\u9645Ampersand GlobeDoris LeungTop Plaza West TowerGuangzhou, ChinaT:&#8230;<\/p>","protected":false},"author":12,"featured_media":0,"parent":0,"menu_order":0,"comment_status":"closed","ping_status":"closed","template":"","meta":{"_acf_changed":false,"_kad_blocks_custom_css":"","_kad_blocks_head_custom_js":"","_kad_blocks_body_custom_js":"","_kad_blocks_footer_custom_js":"","_kad_post_transparent":"","_kad_post_title":"hide","_kad_post_layout":"narrow","_kad_post_sidebar_id":"","_kad_post_content_style":"","_kad_post_vertical_padding":"bottom","_kad_post_feature":"","_kad_post_feature_position":"","_kad_post_header":false,"_kad_post_footer":false,"_kad_post_classname":"","footnotes":""},"class_list":["post-20","page","type-page","status-publish","hentry"],"acf":[],"taxonomy_info":[],"featured_image_src_large":false,"author_info":{"display_name":"Bartek Trejka","author_link":"https:\/\/issmueller.com\/en\/author\/bartek-trejka\/"},"comment_info":0,"_links":{"self":[{"href":"https:\/\/issmueller.com\/en\/wp-json\/wp\/v2\/pages\/20","targetHints":{"allow":["GET"]}}],"collection":[{"href":"https:\/\/issmueller.com\/en\/wp-json\/wp\/v2\/pages"}],"about":[{"href":"https:\/\/issmueller.com\/en\/wp-json\/wp\/v2\/types\/page"}],"author":[{"embeddable":true,"href":"https:\/\/issmueller.com\/en\/wp-json\/wp\/v2\/users\/12"}],"replies":[{"embeddable":true,"href":"https:\/\/issmueller.com\/en\/wp-json\/wp\/v2\/comments?post=20"}],"version-history":[{"count":17,"href":"https:\/\/issmueller.com\/en\/wp-json\/wp\/v2\/pages\/20\/revisions"}],"predecessor-version":[{"id":1093,"href":"https:\/\/issmueller.com\/en\/wp-json\/wp\/v2\/pages\/20\/revisions\/1093"}],"wp:attachment":[{"href":"https:\/\/issmueller.com\/en\/wp-json\/wp\/v2\/media?parent=20"}],"curies":[{"name":"wp","href":"https:\/\/api.w.org\/{rel}","templated":true}]}}