{"id":768,"date":"2025-07-11T15:28:50","date_gmt":"2025-07-11T15:28:50","guid":{"rendered":"https:\/\/iza.mywebwork.net\/?page_id=768"},"modified":"2025-08-13T21:03:58","modified_gmt":"2025-08-13T21:03:58","slug":"licences","status":"publish","type":"page","link":"https:\/\/issmueller.com\/en\/licencje\/","title":{"rendered":"Licences"},"content":{"rendered":"<style>.kb-row-layout-wrap.wp-block-kadence-rowlayout.kb-row-layout-id768_babe03-26{margin-bottom:var(--global-kb-spacing-lg, 3rem);}.kb-row-layout-id768_babe03-26 > .kt-row-column-wrap{align-content:center;}:where(.kb-row-layout-id768_babe03-26 > .kt-row-column-wrap) > .wp-block-kadence-column{justify-content:center;}.kb-row-layout-id768_babe03-26 > .kt-row-column-wrap{column-gap:var(--global-kb-gap-md, 2rem);row-gap:var(--global-kb-gap-md, 2rem);max-width:var( --global-content-width, 1290px );padding-left:var(--global-content-edge-padding);padding-right:var(--global-content-edge-padding);padding-top:var(--global-kb-spacing-sm, 1.5rem);padding-bottom:var(--global-kb-spacing-sm, 1.5rem);min-height:300px;grid-template-columns:minmax(0, 1fr);}.kb-row-layout-id768_babe03-26{background-color:#f5eee4;}.kb-row-layout-id768_babe03-26 > .kt-row-layout-overlay{opacity:0.30;}@media all and (max-width: 1024px){.kb-row-layout-id768_babe03-26 > .kt-row-column-wrap{min-height:200px;grid-template-columns:minmax(0, 1fr);}}@media all and (max-width: 767px){.kb-row-layout-id768_babe03-26 > .kt-row-column-wrap{grid-template-columns:minmax(0, 1fr);}}<\/style><div class=\"kb-row-layout-wrap kb-row-layout-id768_babe03-26 alignfull kt-row-has-bg wp-block-kadence-rowlayout\"><div class=\"kt-row-column-wrap kt-has-1-columns kt-row-layout-equal kt-tab-layout-inherit kt-mobile-layout-row kt-row-valign-middle kb-theme-content-width\">\n<style>.kadence-column768_57bded-2a > .kt-inside-inner-col,.kadence-column768_57bded-2a > .kt-inside-inner-col:before{border-top-left-radius:0px;border-top-right-radius:0px;border-bottom-right-radius:0px;border-bottom-left-radius:0px;}.kadence-column768_57bded-2a > .kt-inside-inner-col{column-gap:var(--global-kb-gap-sm, 1rem);}.kadence-column768_57bded-2a > .kt-inside-inner-col{flex-direction:column;}.kadence-column768_57bded-2a > .kt-inside-inner-col > .aligncenter{width:100%;}.kadence-column768_57bded-2a > .kt-inside-inner-col:before{opacity:0.3;}.kadence-column768_57bded-2a{position:relative;}@media all and (max-width: 1024px){.kadence-column768_57bded-2a > .kt-inside-inner-col{flex-direction:column;justify-content:center;}}@media all and (max-width: 767px){.kadence-column768_57bded-2a > .kt-inside-inner-col{flex-direction:column;justify-content:center;}}<\/style>\n<div class=\"wp-block-kadence-column kadence-column768_57bded-2a\"><div class=\"kt-inside-inner-col\"><style>.wp-block-kadence-advancedheading.kt-adv-heading768_d273d2-37, .wp-block-kadence-advancedheading.kt-adv-heading768_d273d2-37[data-kb-block=\"kb-adv-heading768_d273d2-37\"]{text-align:center;font-size:40px;font-style:normal;}.wp-block-kadence-advancedheading.kt-adv-heading768_d273d2-37 mark.kt-highlight, .wp-block-kadence-advancedheading.kt-adv-heading768_d273d2-37[data-kb-block=\"kb-adv-heading768_d273d2-37\"] mark.kt-highlight{font-style:normal;color:#f76a0c;-webkit-box-decoration-break:clone;box-decoration-break:clone;padding-top:0px;padding-right:0px;padding-bottom:0px;padding-left:0px;}.wp-block-kadence-advancedheading.kt-adv-heading768_d273d2-37 img.kb-inline-image, .wp-block-kadence-advancedheading.kt-adv-heading768_d273d2-37[data-kb-block=\"kb-adv-heading768_d273d2-37\"] img.kb-inline-image{width:150px;vertical-align:baseline;}@media all and (max-width: 1024px){.wp-block-kadence-advancedheading.kt-adv-heading768_d273d2-37, .wp-block-kadence-advancedheading.kt-adv-heading768_d273d2-37[data-kb-block=\"kb-adv-heading768_d273d2-37\"]{font-size:34px;}}@media all and (max-width: 767px){.wp-block-kadence-advancedheading.kt-adv-heading768_d273d2-37, .wp-block-kadence-advancedheading.kt-adv-heading768_d273d2-37[data-kb-block=\"kb-adv-heading768_d273d2-37\"]{font-size:30px;}}<\/style>\n<h1 class=\"kt-adv-heading768_d273d2-37 wp-block-kadence-advancedheading\" data-kb-block=\"kb-adv-heading768_d273d2-37\">LICENCJE<\/h1>\n<\/div><\/div>\n\n<\/div><\/div>\n\n<style>.wp-block-kadence-advancedheading.kt-adv-heading768_b635a7-5c, .wp-block-kadence-advancedheading.kt-adv-heading768_b635a7-5c[data-kb-block=\"kb-adv-heading768_b635a7-5c\"]{text-align:center;font-style:normal;text-transform:lowercase;}.wp-block-kadence-advancedheading.kt-adv-heading768_b635a7-5c mark.kt-highlight, .wp-block-kadence-advancedheading.kt-adv-heading768_b635a7-5c[data-kb-block=\"kb-adv-heading768_b635a7-5c\"] mark.kt-highlight{font-style:normal;color:#f76a0c;-webkit-box-decoration-break:clone;box-decoration-break:clone;padding-top:0px;padding-right:0px;padding-bottom:0px;padding-left:0px;}.wp-block-kadence-advancedheading.kt-adv-heading768_b635a7-5c img.kb-inline-image, .wp-block-kadence-advancedheading.kt-adv-heading768_b635a7-5c[data-kb-block=\"kb-adv-heading768_b635a7-5c\"] img.kb-inline-image{width:150px;vertical-align:baseline;}<\/style>\n<h2 class=\"kt-adv-heading768_b635a7-5c wp-block-kadence-advancedheading\" data-kb-block=\"kb-adv-heading768_b635a7-5c\"><strong><u>Warunki u\u017cytkowania wzor\u00f3w<\/u><\/strong><u><strong>&nbsp;<\/strong><\/u><\/h2>\n\n\n<style>.wp-block-kadence-advancedheading.kt-adv-heading768_7b1e79-ef, .wp-block-kadence-advancedheading.kt-adv-heading768_7b1e79-ef[data-kb-block=\"kb-adv-heading768_7b1e79-ef\"]{margin-bottom:var(--global-kb-spacing-md, 2rem);text-align:center;font-style:normal;text-transform:lowercase;}.wp-block-kadence-advancedheading.kt-adv-heading768_7b1e79-ef mark.kt-highlight, .wp-block-kadence-advancedheading.kt-adv-heading768_7b1e79-ef[data-kb-block=\"kb-adv-heading768_7b1e79-ef\"] mark.kt-highlight{font-style:normal;color:#f76a0c;-webkit-box-decoration-break:clone;box-decoration-break:clone;padding-top:0px;padding-right:0px;padding-bottom:0px;padding-left:0px;}.wp-block-kadence-advancedheading.kt-adv-heading768_7b1e79-ef img.kb-inline-image, .wp-block-kadence-advancedheading.kt-adv-heading768_7b1e79-ef[data-kb-block=\"kb-adv-heading768_7b1e79-ef\"] img.kb-inline-image{width:150px;vertical-align:baseline;}<\/style>\n<h4 class=\"kt-adv-heading768_7b1e79-ef wp-block-kadence-advancedheading\" data-kb-block=\"kb-adv-heading768_7b1e79-ef\"><strong>Zasady udzielania licencji \u2013 WY\u0141\u0104CZNE i NIEWY\u0141\u0104CZNE&nbsp;&nbsp;<\/strong><\/h4>\n\n\n\n<p>Produkty dost\u0119pne w sklepie podzielone s\u0105 na dwie kategorie licencyjne: <strong>WY\u0141\u0104CZNE <\/strong>oraz&nbsp; <strong>NIEWY\u0141\u0104CZNE<\/strong>. Ka\u017cda z nich wi\u0105\u017ce si\u0119 z odmiennym zakresem praw do korzystania z&nbsp; oferowanych wzor\u00f3w graficznych.&nbsp;&nbsp;<\/p>\n\n\n\n<p>Licencje udzielane s\u0105 <strong>wy\u0142\u0105cznie na wykorzystanie wzor\u00f3w w sektorze produkt\u00f3w tekstylnych<\/strong>,&nbsp; tj. w projektach, produktach i materia\u0142ach zwi\u0105zanych z tekstyliami (np. odzie\u017c, dodatki, tkaniny&nbsp; dekoracyjne, po\u015bciel, tekstylia domowe, itp.).&nbsp;&nbsp;<\/p>\n\n\n\n<p class=\"has-text-align-center\"><strong><em>Pi\u0119kno, kt\u00f3rym mo\u017cna si\u0119 dzieli\u0107.&nbsp;<\/em><\/strong><\/p>\n\n\n<style>.wp-block-kadence-advancedheading.kt-adv-heading768_305db2-aa, .wp-block-kadence-advancedheading.kt-adv-heading768_305db2-aa[data-kb-block=\"kb-adv-heading768_305db2-aa\"]{margin-bottom:var(--global-kb-spacing-sm, 1.5rem);font-size:var(--global-kb-font-size-md, 1.25rem);font-style:normal;}.wp-block-kadence-advancedheading.kt-adv-heading768_305db2-aa mark.kt-highlight, .wp-block-kadence-advancedheading.kt-adv-heading768_305db2-aa[data-kb-block=\"kb-adv-heading768_305db2-aa\"] mark.kt-highlight{font-style:normal;color:#f76a0c;-webkit-box-decoration-break:clone;box-decoration-break:clone;padding-top:0px;padding-right:0px;padding-bottom:0px;padding-left:0px;}.wp-block-kadence-advancedheading.kt-adv-heading768_305db2-aa img.kb-inline-image, .wp-block-kadence-advancedheading.kt-adv-heading768_305db2-aa[data-kb-block=\"kb-adv-heading768_305db2-aa\"] img.kb-inline-image{width:150px;vertical-align:baseline;}<\/style>\n<p class=\"kt-adv-heading768_305db2-aa wp-block-kadence-advancedheading\" data-kb-block=\"kb-adv-heading768_305db2-aa\"><strong>1. Licencja niewy\u0142\u0105czna (dotyczy produkt\u00f3w z zak\u0142adki \u201eNIEWY\u0141\u0104CZNE\u201d)&nbsp;&nbsp;<\/strong><\/p>\n\n\n\n<ul class=\"wp-block-list\">\n<li>Klient nabywa prawo do korzystania ze wzoru na zasadach <strong>licencji niewy\u0142\u0105cznej<\/strong>,&nbsp; ograniczonej do zastosowania w sektorze <strong>produkt\u00f3w tekstylnych<\/strong>.&nbsp;<\/li>\n\n\n\n<li>Ten sam wz\u00f3r mo\u017ce by\u0107 wykorzystywany r\u00f3wnolegle przez innych licencjobiorc\u00f3w&nbsp; (r\u00f3wnie\u017c w tekstyliach), bez ogranicze\u0144 terytorialnych.&nbsp;&nbsp;<\/li>\n\n\n\n<li>Wz\u00f3r mo\u017ce by\u0107 u\u017cywany na produktach tekstylnych, materia\u0142ach promocyjnych zwi\u0105zanych&nbsp; z tekstyliami&nbsp;&nbsp;<\/li>\n\n\n\n<li>Licencja nie obejmuje prawa do wy\u0142\u0105czno\u015bci kolorystycznej ani sektorowej.&nbsp;&nbsp;<\/li>\n<\/ul>\n\n\n\n<p class=\"has-text-align-center\"><strong><em>Jeden wz\u00f3r, wiele wersji.&nbsp;&nbsp;<\/em><\/strong><\/p>\n\n\n<style>.wp-block-kadence-advancedheading.kt-adv-heading768_cda7e1-fd, .wp-block-kadence-advancedheading.kt-adv-heading768_cda7e1-fd[data-kb-block=\"kb-adv-heading768_cda7e1-fd\"]{margin-bottom:var(--global-kb-spacing-sm, 1.5rem);font-size:var(--global-kb-font-size-md, 1.25rem);font-style:normal;}.wp-block-kadence-advancedheading.kt-adv-heading768_cda7e1-fd mark.kt-highlight, .wp-block-kadence-advancedheading.kt-adv-heading768_cda7e1-fd[data-kb-block=\"kb-adv-heading768_cda7e1-fd\"] mark.kt-highlight{font-style:normal;color:#f76a0c;-webkit-box-decoration-break:clone;box-decoration-break:clone;padding-top:0px;padding-right:0px;padding-bottom:0px;padding-left:0px;}.wp-block-kadence-advancedheading.kt-adv-heading768_cda7e1-fd img.kb-inline-image, .wp-block-kadence-advancedheading.kt-adv-heading768_cda7e1-fd[data-kb-block=\"kb-adv-heading768_cda7e1-fd\"] img.kb-inline-image{width:150px;vertical-align:baseline;}<\/style>\n<p class=\"kt-adv-heading768_cda7e1-fd wp-block-kadence-advancedheading\" data-kb-block=\"kb-adv-heading768_cda7e1-fd\"><strong>2. Licencja wy\u0142\u0105czna na kolor t\u0142a (dotyczy produkt\u00f3w z zak\u0142adki&nbsp; \u201eWY\u0141\u0104CZNE\u201d)&nbsp;&nbsp;<\/strong><\/p>\n\n\n\n<ul class=\"wp-block-list\">\n<li>Klient nabywa prawo do korzystania ze wzoru w wersji z <strong>konkretnym kolorem t\u0142a <\/strong>na&nbsp; zasadach <strong>licencji wy\u0142\u0105cznej<\/strong>, ograniczonej do sektora <strong>produkt\u00f3w tekstylnych<\/strong>.&nbsp;&nbsp;<\/li>\n\n\n\n<li>Wy\u0142\u0105czno\u015b\u0107 dotyczy wy\u0142\u0105cznie <strong>konkretnego koloru t\u0142a <\/strong>\u2013 dana wersja kolorystyczna wzoru&nbsp; przypisywana jest tylko jednemu licencjobiorcy w sektorze tekstyli\u00f3w.&nbsp;&nbsp;<\/li>\n\n\n\n<li>Inni klienci mog\u0105 zakupi\u0107 ten sam wz\u00f3r, ale <strong>tylko w innych wersjach kolorystycznych<\/strong>,&nbsp; nieobj\u0119tych wy\u0142\u0105czno\u015bci\u0105.&nbsp;&nbsp;<\/li>\n\n\n\n<li>Licencja nie obejmuje wy\u0142\u0105czno\u015bci na wz\u00f3r jako taki, ani na inne sektory ni\u017c tekstylia.&nbsp;&nbsp;<\/li>\n<\/ul>\n\n\n<style>.wp-block-kadence-advancedheading.kt-adv-heading768_34be95-17, .wp-block-kadence-advancedheading.kt-adv-heading768_34be95-17[data-kb-block=\"kb-adv-heading768_34be95-17\"]{margin-bottom:var(--global-kb-spacing-sm, 1.5rem);font-size:var(--global-kb-font-size-md, 1.25rem);font-style:normal;}.wp-block-kadence-advancedheading.kt-adv-heading768_34be95-17 mark.kt-highlight, .wp-block-kadence-advancedheading.kt-adv-heading768_34be95-17[data-kb-block=\"kb-adv-heading768_34be95-17\"] mark.kt-highlight{font-style:normal;color:#f76a0c;-webkit-box-decoration-break:clone;box-decoration-break:clone;padding-top:0px;padding-right:0px;padding-bottom:0px;padding-left:0px;}.wp-block-kadence-advancedheading.kt-adv-heading768_34be95-17 img.kb-inline-image, .wp-block-kadence-advancedheading.kt-adv-heading768_34be95-17[data-kb-block=\"kb-adv-heading768_34be95-17\"] img.kb-inline-image{width:150px;vertical-align:baseline;}<\/style>\n<p class=\"kt-adv-heading768_34be95-17 wp-block-kadence-advancedheading\" data-kb-block=\"kb-adv-heading768_34be95-17\"><strong>Uwagi dodatkowe:&nbsp;&nbsp;<\/strong><\/p>\n\n\n\n<ul class=\"wp-block-list\">\n<li>Wszystkie wzory obj\u0119te s\u0105 ochron\u0105 praw autorskich \u2013 prawa maj\u0105tkowe pozostaj\u0105 w\u0142asno\u015bci\u0105 autora.&nbsp;&nbsp;<\/li>\n\n\n\n<li>Zakup licencji (zar\u00f3wno wy\u0142\u0105cznej, jak i niewy\u0142\u0105cznej) nie oznacza przeniesienia praw&nbsp; autorskich.&nbsp;&nbsp;<\/li>\n\n\n\n<li>Licencja upowa\u017cnia wy\u0142\u0105cznie do wykorzystywania wzoru w produktach tekstylnych &#8211; <strong>nie&nbsp; <\/strong>obejmuje innych sektor\u00f3w (np. ceramiki, papieru, opakowa\u0144, tapet, plakat\u00f3w, naklejek itp.).&nbsp;<\/li>\n\n\n\n<li>Licencjobiorca nie ma prawa do odsprzeda\u017cy wzoru, sublicencjonowania ani jego&nbsp; modyfikacji bez pisemnej zgody w\u0142a\u015bciciela.&nbsp;&nbsp;<\/li>\n\n\n\n<li>Szczeg\u00f3\u0142owe warunki licencji mog\u0105 zosta\u0107 okre\u015blone indywidualnie w umowie lub opisie&nbsp; danego wzoru (Szczeg\u00f3\u0142owa umowa licencyjna zostanie przes\u0142ana wraz z faktur\u0105 po&nbsp; zakupie wzoru)<\/li>\n<\/ul>\n","protected":false},"excerpt":{"rendered":"<p>LICENCJE Warunki u\u017cytkowania wzor\u00f3w&nbsp; Zasady udzielania licencji \u2013 WY\u0141\u0104CZNE i NIEWY\u0141\u0104CZNE&nbsp;&nbsp; Produkty dost\u0119pne w sklepie podzielone s\u0105 na dwie kategorie licencyjne: WY\u0141\u0104CZNE oraz&nbsp; NIEWY\u0141\u0104CZNE. Ka\u017cda z nich wi\u0105\u017ce si\u0119 z odmiennym zakresem praw do korzystania z&nbsp; oferowanych wzor\u00f3w graficznych.&nbsp;&nbsp; Licencje udzielane s\u0105 wy\u0142\u0105cznie na wykorzystanie wzor\u00f3w w sektorze produkt\u00f3w tekstylnych,&nbsp; tj. w projektach, produktach i&#8230;<\/p>","protected":false},"author":6,"featured_media":0,"parent":0,"menu_order":0,"comment_status":"closed","ping_status":"closed","template":"","meta":{"_acf_changed":false,"_kad_blocks_custom_css":"","_kad_blocks_head_custom_js":"","_kad_blocks_body_custom_js":"","_kad_blocks_footer_custom_js":"","_kad_post_transparent":"","_kad_post_title":"hide","_kad_post_layout":"default","_kad_post_sidebar_id":"","_kad_post_content_style":"","_kad_post_vertical_padding":"bottom","_kad_post_feature":"","_kad_post_feature_position":"","_kad_post_header":false,"_kad_post_footer":false,"_kad_post_classname":"","footnotes":""},"class_list":["post-768","page","type-page","status-publish","hentry"],"acf":[],"taxonomy_info":[],"featured_image_src_large":false,"author_info":{"display_name":"login_at","author_link":"https:\/\/issmueller.com\/en\/author\/login_at\/"},"comment_info":0,"_links":{"self":[{"href":"https:\/\/issmueller.com\/en\/wp-json\/wp\/v2\/pages\/768","targetHints":{"allow":["GET"]}}],"collection":[{"href":"https:\/\/issmueller.com\/en\/wp-json\/wp\/v2\/pages"}],"about":[{"href":"https:\/\/issmueller.com\/en\/wp-json\/wp\/v2\/types\/page"}],"author":[{"embeddable":true,"href":"https:\/\/issmueller.com\/en\/wp-json\/wp\/v2\/users\/6"}],"replies":[{"embeddable":true,"href":"https:\/\/issmueller.com\/en\/wp-json\/wp\/v2\/comments?post=768"}],"version-history":[{"count":10,"href":"https:\/\/issmueller.com\/en\/wp-json\/wp\/v2\/pages\/768\/revisions"}],"predecessor-version":[{"id":1056,"href":"https:\/\/issmueller.com\/en\/wp-json\/wp\/v2\/pages\/768\/revisions\/1056"}],"wp:attachment":[{"href":"https:\/\/issmueller.com\/en\/wp-json\/wp\/v2\/media?parent=768"}],"curies":[{"name":"wp","href":"https:\/\/api.w.org\/{rel}","templated":true}]}}