{"id":1333,"date":"2025-09-02T15:33:35","date_gmt":"2025-09-02T15:33:35","guid":{"rendered":"https:\/\/issmueller.com\/?post_type=product&#038;p=1333"},"modified":"2025-09-02T15:39:10","modified_gmt":"2025-09-02T15:39:10","slug":"sleepy-bunny-panel","status":"publish","type":"product","link":"https:\/\/issmueller.com\/en\/produkt\/sleepy-bunny-panel\/","title":{"rendered":"Sleepy Bunny PANEL"},"content":{"rendered":"<h4 style=\"text-align: center;\" data-start=\"1614\" data-end=\"1642\"><strong data-start=\"1618\" data-end=\"1642\">SLeppy Bunny panel<\/strong><\/h4>\n<p>A unique, original illustration created with textiles in mind. <strong data-start=\"415\" data-end=\"457\">Illustration hand-painted in watercolours<\/strong>, then scanned and professionally digitally processed - ideal for use on fabrics and utility textiles.<\/p>\n<p data-start=\"914\" data-end=\"933\"><strong data-start=\"914\" data-end=\"933\">Why it's worth it:<\/strong><\/p>\n<ul data-start=\"934\" data-end=\"1123\">\n<li data-start=\"934\" data-end=\"1013\">\n<p data-start=\"936\" data-end=\"1013\">Original art - every print starts with a real brush and paper<\/p>\n<\/li>\n<li data-start=\"1014\" data-end=\"1058\">\n<p data-start=\"1016\" data-end=\"1058\">Carefully designed print-ready files<\/p>\n<\/li>\n<li data-start=\"1059\" data-end=\"1123\">\n<p data-start=\"1061\" data-end=\"1123\">Ideal for textiles, clothing, bedding<\/p>\n<\/li>\n<\/ul>\n<p>With the purchase of this product, you will receive a digital product - a file in PNG - panel format - to print on the fabrics yourself.<\/p>\n<hr data-start=\"1130\" data-end=\"1133\" \/>\n<p data-start=\"1135\" data-end=\"1250\"><strong data-start=\"895\" data-end=\"909\">File parameters:<\/strong><\/p>\n<p data-start=\"895\" data-end=\"1027\"><strong>Files:<\/strong> PNG<br \/>\n<strong>Resolution:<\/strong> 300 dpi<br \/>\n<strong>Report sizes:<\/strong> 30&#215;30, 45&#215;45<br \/>\n<strong>Background colours:<\/strong> PNG file without background - print on any colour<\/p>\n<hr data-start=\"1130\" data-end=\"1133\" \/>\n<p data-start=\"1135\" data-end=\"1250\"><strong data-start=\"1135\" data-end=\"1147\">Licence - please refer to the LICENSES tab for exact licensing terms and conditions:<\/strong><br data-start=\"1147\" data-end=\"1150\" \/>- commercial licence without exclusivity - for small and medium-sized companies<br data-start=\"1188\" data-end=\"1191\" \/>- for use exclusively on <strong data-start=\"1242\" data-end=\"1282\">textiles and textile products<\/strong> (e.g. clothing, bedding)<br \/>\n- perpetual licence<\/p>\n<p data-start=\"1374\" data-end=\"1533\">Once you have purchased and paid for your order, you will receive an email with a link to a PDF file containing access to Google Drive, from which you can download your files.<\/p>\n<ul data-start=\"1535\" data-end=\"1607\">\n<li data-start=\"1535\" data-end=\"1571\">\n<p data-start=\"1537\" data-end=\"1571\"><strong data-start=\"1537\" data-end=\"1571\">Access to files: unlimited<\/strong><\/p>\n<\/li>\n<li data-start=\"1572\" data-end=\"1607\">\n<p data-start=\"1574\" data-end=\"1607\"><strong data-start=\"1574\" data-end=\"1607\">Number of downloads: unlimited<\/strong><\/p>\n<\/li>\n<\/ul>\n<hr data-start=\"1609\" data-end=\"1612\" \/>\n<h6 data-start=\"1614\" data-end=\"1642\"><strong data-start=\"1618\" data-end=\"1642\">Additional information<\/strong><\/h6>\n<ul data-start=\"1644\" data-end=\"1872\">\n<li data-start=\"1644\" data-end=\"1770\">\n<p data-start=\"1646\" data-end=\"1770\">If you need a different file format or want to change the background colour - the <strong data-start=\"1717\" data-end=\"1742\">contact me<\/strong> via bookmark <strong data-start=\"1758\" data-end=\"1769\">Contact<\/strong>.<\/p>\n<\/li>\n<li data-start=\"1771\" data-end=\"1872\">\n<p data-start=\"1773\" data-end=\"1872\"><strong data-start=\"1773\" data-end=\"1783\">Attention:<\/strong> Colours may vary depending on monitor settings, fabric type and printer.<\/p>\n<\/li>\n<\/ul>\n<p>All rights reserved. Copying, distribution, modification and use in any form without the prior written consent of the author is prohibited.<\/p>","protected":false},"excerpt":{"rendered":"<p>SLeppy Bunny panel Unikatowa, autorska ilustracja stworzona z my\u015bl\u0105 o tekstyliach. Ilustracja malowana r\u0119cznie akwarelami, nast\u0119pnie zeskanowana i profesjonalnie opracowana cyfrowo &#8211; idealna do zastosowania na tkaninach i tekstyliach u\u017cytkowych. Dlaczego warto: Oryginalna sztuka &#8211; ka\u017cda grafika zaczyna si\u0119 od prawdziwego p\u0119dzla i papieru Starannie opracowane pliki gotowe do druku Idealne do produkcji tkanin, ubra\u0144,&#8230;<\/p>","protected":false},"featured_media":1335,"template":"","meta":{"_acf_changed":false,"_kad_blocks_custom_css":"","_kad_blocks_head_custom_js":"","_kad_blocks_body_custom_js":"","_kad_blocks_footer_custom_js":"","_kad_post_transparent":"default","_kad_post_title":"","_kad_post_layout":"default","_kad_post_sidebar_id":"","_kad_post_content_style":"default","_kad_post_vertical_padding":"default","_kad_post_feature":"","_kad_post_feature_position":"","_kad_post_header":false,"_kad_post_footer":false,"_kad_post_classname":""},"product_brand":[],"product_cat":[42,48],"product_tag":[],"class_list":{"0":"post-1333","1":"product","2":"type-product","3":"status-publish","4":"has-post-thumbnail","6":"product_cat-niewylaczne","7":"product_cat-panele","9":"first","10":"instock","11":"downloadable","12":"taxable","13":"shipping-taxable","14":"purchasable","15":"product-type-simple","16":"entry","17":"content-bg","18":"loop-entry"},"acf":[],"taxonomy_info":{"product_cat":[{"value":42,"label":"Niewy\u0142\u0105czne"},{"value":48,"label":"Panele"}]},"featured_image_src_large":["https:\/\/issmueller.com\/wp-content\/uploads\/2025\/09\/jpg-1024x1024.jpg",1024,1024,true],"author_info":[],"comment_info":"","_links":{"self":[{"href":"https:\/\/issmueller.com\/en\/wp-json\/wp\/v2\/product\/1333","targetHints":{"allow":["GET"]}}],"collection":[{"href":"https:\/\/issmueller.com\/en\/wp-json\/wp\/v2\/product"}],"about":[{"href":"https:\/\/issmueller.com\/en\/wp-json\/wp\/v2\/types\/product"}],"wp:featuredmedia":[{"embeddable":true,"href":"https:\/\/issmueller.com\/en\/wp-json\/wp\/v2\/media\/1335"}],"wp:attachment":[{"href":"https:\/\/issmueller.com\/en\/wp-json\/wp\/v2\/media?parent=1333"}],"wp:term":[{"taxonomy":"product_brand","embeddable":true,"href":"https:\/\/issmueller.com\/en\/wp-json\/wp\/v2\/product_brand?post=1333"},{"taxonomy":"product_cat","embeddable":true,"href":"https:\/\/issmueller.com\/en\/wp-json\/wp\/v2\/product_cat?post=1333"},{"taxonomy":"product_tag","embeddable":true,"href":"https:\/\/issmueller.com\/en\/wp-json\/wp\/v2\/product_tag?post=1333"}],"curies":[{"name":"wp","href":"https:\/\/api.w.org\/{rel}","templated":true}]}}