{"id":1377,"date":"2025-09-08T13:33:54","date_gmt":"2025-09-08T13:33:54","guid":{"rendered":"https:\/\/issmueller.com\/?post_type=product&#038;p=1377"},"modified":"2025-09-12T14:52:16","modified_gmt":"2025-09-12T14:52:16","slug":"little-puppies-off-white-2","status":"publish","type":"product","link":"https:\/\/issmueller.com\/en\/produkt\/little-puppies-off-white-2\/","title":{"rendered":"Little Puppies - off white"},"content":{"rendered":"<h4 style=\"text-align: center;\" data-start=\"1614\" data-end=\"1642\"><strong data-start=\"1618\" data-end=\"1642\">LittLe PuppieS<\/strong><\/h4>\n<p>A unique, original design created with textiles in mind. <strong data-start=\"415\" data-end=\"457\">Illustration hand-painted in watercolours<\/strong>, then scanned and professionally digitally processed - ideal for use on fabrics and utility textiles.<\/p>\n<p data-start=\"914\" data-end=\"933\"><strong data-start=\"914\" data-end=\"933\">Why it's worth it:<\/strong><\/p>\n<ul data-start=\"934\" data-end=\"1123\">\n<li data-start=\"934\" data-end=\"1013\">\n<p data-start=\"936\" data-end=\"1013\">Original art - every print starts with a real brush and paper<\/p>\n<\/li>\n<li data-start=\"1014\" data-end=\"1058\">\n<p data-start=\"1016\" data-end=\"1058\">Carefully designed print-ready files<\/p>\n<\/li>\n<li data-start=\"1059\" data-end=\"1123\">\n<p data-start=\"1061\" data-end=\"1123\">Ideal for textiles, clothing, bedding<\/p>\n<\/li>\n<\/ul>\n<p>With the purchase of this product, you will receive a digital product - a report - seamless - i.e. a seamlessly reproducible graphic file in TIF and JPG format (exact file parameters, report sizes and background colours below) - for self-printing on fabric.<\/p>\n<hr data-start=\"1130\" data-end=\"1133\" \/>\n<p data-start=\"1135\" data-end=\"1250\"><strong data-start=\"895\" data-end=\"909\">File parameters:<\/strong><\/p>\n<p data-start=\"895\" data-end=\"1027\"><strong>Files:<\/strong> JPG, TIF<br \/>\n<strong>Resolution:<\/strong> 300 dpi<br \/>\n<strong>Report sizes:<\/strong> 25\u00d725, 35\u00d735 (1:1 printing is recommended to check the size)<br \/>\n<strong>Background colours:<\/strong>\u00a0 broken white \/ off white<\/p>\n<hr data-start=\"1130\" data-end=\"1133\" \/>\n<p data-start=\"1135\" data-end=\"1250\"><strong data-start=\"1135\" data-end=\"1147\">Licence - please refer to the LICENSES tab for exact licensing terms and conditions:<\/strong><br data-start=\"1147\" data-end=\"1150\" \/>- commercial licence without exclusivity - for small and medium-sized companies<br data-start=\"1188\" data-end=\"1191\" \/>- for use exclusively on <strong data-start=\"1242\" data-end=\"1282\">textiles and textile products<\/strong> (e.g. clothing, bedding)<br \/>\n- perpetual licence<\/p>\n<p data-start=\"1374\" data-end=\"1533\">Once you have purchased and paid for your order, you will receive an email with a link to a PDF file containing access to Google Drive, from which you can download your files.<\/p>\n<ul data-start=\"1535\" data-end=\"1607\">\n<li data-start=\"1535\" data-end=\"1571\">\n<p data-start=\"1537\" data-end=\"1571\"><strong data-start=\"1537\" data-end=\"1571\">Access to files: unlimited<\/strong><\/p>\n<\/li>\n<li data-start=\"1572\" data-end=\"1607\">\n<p data-start=\"1574\" data-end=\"1607\"><strong data-start=\"1574\" data-end=\"1607\">Number of downloads: unlimited<\/strong><\/p>\n<\/li>\n<\/ul>\n<hr data-start=\"1609\" data-end=\"1612\" \/>\n<h6 data-start=\"1614\" data-end=\"1642\"><strong data-start=\"1618\" data-end=\"1642\">Additional information<\/strong><\/h6>\n<ul data-start=\"1644\" data-end=\"1872\">\n<li data-start=\"1644\" data-end=\"1770\">\n<p data-start=\"1646\" data-end=\"1770\">If you need a different file format or want to change the background colour - the <strong data-start=\"1717\" data-end=\"1742\">contact me<\/strong> via bookmark <strong data-start=\"1758\" data-end=\"1769\">Contact<\/strong>.<\/p>\n<\/li>\n<li data-start=\"1771\" data-end=\"1872\">\n<p data-start=\"1773\" data-end=\"1872\"><strong data-start=\"1773\" data-end=\"1783\">Attention:<\/strong> Colours may vary depending on monitor settings, fabric type and printer.<\/p>\n<\/li>\n<\/ul>\n<p>All rights reserved. Copying, distribution, modification and use in any form without the prior written consent of the author is prohibited.<\/p>","protected":false},"excerpt":{"rendered":"<p>LittLe PuppieS Unikatowy, autorski wz\u00f3r stworzony z my\u015bl\u0105 o tekstyliach. Ilustracja malowana r\u0119cznie akwarelami, nast\u0119pnie zeskanowana i profesjonalnie opracowana cyfrowo &#8211; idealna do zastosowania na tkaninach i tekstyliach u\u017cytkowych. Dlaczego warto: Oryginalna sztuka &#8211; ka\u017cda grafika zaczyna si\u0119 od prawdziwego p\u0119dzla i papieru Starannie opracowane pliki gotowe do druku Idealne do produkcji tkanin, ubra\u0144, po\u015bcieli&#8230;<\/p>","protected":false},"featured_media":1372,"template":"","meta":{"_acf_changed":false,"_kad_blocks_custom_css":"","_kad_blocks_head_custom_js":"","_kad_blocks_body_custom_js":"","_kad_blocks_footer_custom_js":"","_kad_post_transparent":"default","_kad_post_title":"","_kad_post_layout":"default","_kad_post_sidebar_id":"","_kad_post_content_style":"default","_kad_post_vertical_padding":"default","_kad_post_feature":"","_kad_post_feature_position":"","_kad_post_header":false,"_kad_post_footer":false,"_kad_post_classname":""},"product_brand":[],"product_cat":[42],"product_tag":[],"class_list":{"0":"post-1377","1":"product","2":"type-product","3":"status-publish","4":"has-post-thumbnail","6":"product_cat-niewylaczne","8":"first","9":"instock","10":"downloadable","11":"taxable","12":"shipping-taxable","13":"purchasable","14":"product-type-simple","15":"entry","16":"content-bg","17":"loop-entry"},"acf":[],"taxonomy_info":{"product_cat":[{"value":42,"label":"Niewy\u0142\u0105czne"}]},"featured_image_src_large":["https:\/\/issmueller.com\/wp-content\/uploads\/2025\/09\/Puppies-25x25-off-white-1-1024x1024.jpg",1024,1024,true],"author_info":[],"comment_info":"","_links":{"self":[{"href":"https:\/\/issmueller.com\/en\/wp-json\/wp\/v2\/product\/1377","targetHints":{"allow":["GET"]}}],"collection":[{"href":"https:\/\/issmueller.com\/en\/wp-json\/wp\/v2\/product"}],"about":[{"href":"https:\/\/issmueller.com\/en\/wp-json\/wp\/v2\/types\/product"}],"wp:featuredmedia":[{"embeddable":true,"href":"https:\/\/issmueller.com\/en\/wp-json\/wp\/v2\/media\/1372"}],"wp:attachment":[{"href":"https:\/\/issmueller.com\/en\/wp-json\/wp\/v2\/media?parent=1377"}],"wp:term":[{"taxonomy":"product_brand","embeddable":true,"href":"https:\/\/issmueller.com\/en\/wp-json\/wp\/v2\/product_brand?post=1377"},{"taxonomy":"product_cat","embeddable":true,"href":"https:\/\/issmueller.com\/en\/wp-json\/wp\/v2\/product_cat?post=1377"},{"taxonomy":"product_tag","embeddable":true,"href":"https:\/\/issmueller.com\/en\/wp-json\/wp\/v2\/product_tag?post=1377"}],"curies":[{"name":"wp","href":"https:\/\/api.w.org\/{rel}","templated":true}]}}